{"id":2177,"date":"2023-09-02T23:20:35","date_gmt":"2023-09-02T23:20:35","guid":{"rendered":"https:\/\/powergot.cl\/?page_id=2177"},"modified":"2025-12-09T12:01:49","modified_gmt":"2025-12-09T12:01:49","slug":"documentacion-2","status":"publish","type":"page","link":"https:\/\/powergot.cl\/?page_id=2177","title":{"rendered":"Documentaci\u00f3n"},"content":{"rendered":"<p>[et_pb_section fb_built=&#8221;1&#8243; custom_padding_last_edited=&#8221;on|desktop&#8221; admin_label=&#8221;Header&#8221; _builder_version=&#8221;4.23.1&#8243; _module_preset=&#8221;default&#8221; use_background_color_gradient=&#8221;on&#8221; background_color_gradient_direction=&#8221;130deg&#8221; background_color_gradient_stops=&#8221;#1b14d1 0%|#3d0072 49%|#05000a 100%&#8221; background_color_gradient_start=&#8221;#8624E1&#8243; background_color_gradient_start_position=&#8221;25%&#8221; background_color_gradient_end=&#8221;#3607A6&#8243; background_enable_image=&#8221;off&#8221; parallax=&#8221;on&#8221; background_enable_video_mp4=&#8221;off&#8221; module_alignment=&#8221;center&#8221; min_height=&#8221;336.5px&#8221; min_height_tablet=&#8221;336.5px&#8221; min_height_phone=&#8221;128.5px&#8221; min_height_last_edited=&#8221;on|phone&#8221; custom_margin=&#8221;||-10px||false|false&#8221; custom_padding=&#8221;0vw||5px||false|false&#8221; custom_padding_tablet=&#8221;100px||100px||true&#8221; custom_padding_phone=&#8221;13px||13px||true|false&#8221; bottom_divider_style=&#8221;wave2&#8243; bottom_divider_color=&#8221;#FFFFFF&#8221; bottom_divider_height=&#8221;248px&#8221; bottom_divider_repeat=&#8221;1x&#8221; bottom_divider_height_tablet=&#8221;150px&#8221; bottom_divider_height_phone=&#8221;110px&#8221; bottom_divider_height_last_edited=&#8221;on|desktop&#8221; saved_tabs=&#8221;all&#8221; global_colors_info=&#8221;{}&#8221;][et_pb_row use_custom_gutter=&#8221;on&#8221; _builder_version=&#8221;4.23.1&#8243; _module_preset=&#8221;default&#8221; width=&#8221;100%&#8221; max_width=&#8221;1666px&#8221; min_height=&#8221;131px&#8221; custom_padding=&#8221;57px||0px|||&#8221; global_colors_info=&#8221;{}&#8221;][et_pb_column type=&#8221;4_4&#8243; _builder_version=&#8221;4.23.1&#8243; _module_preset=&#8221;default&#8221; global_colors_info=&#8221;{}&#8221;][et_pb_heading title=&#8221;Documentaci\u00f3n PowerGot&#8221; _builder_version=&#8221;4.23.1&#8243; _module_preset=&#8221;default&#8221; title_font=&#8221;|700|||||||&#8221; title_text_align=&#8221;center&#8221; title_text_color=&#8221;#FFFFFF&#8221; title_font_size=&#8221;36px&#8221; width_tablet=&#8221;&#8221; width_phone=&#8221;100%&#8221; width_last_edited=&#8221;on|phone&#8221; max_width=&#8221;100%&#8221; min_height=&#8221;100px&#8221; height=&#8221;144px&#8221; max_height=&#8221;1000px&#8221; custom_margin=&#8221;0px||||false|false&#8221; custom_margin_tablet=&#8221;0px||||false|false&#8221; custom_margin_phone=&#8221;-172px||||false|false&#8221; custom_margin_last_edited=&#8221;on|phone&#8221; title_font_size_tablet=&#8221;36px&#8221; title_font_size_phone=&#8221;24px&#8221; title_font_size_last_edited=&#8221;on|phone&#8221; module_alignment_tablet=&#8221;&#8221; module_alignment_phone=&#8221;&#8221; module_alignment_last_edited=&#8221;on|phone&#8221; global_colors_info=&#8221;{}&#8221;][\/et_pb_heading][\/et_pb_column][\/et_pb_row][\/et_pb_section][et_pb_section fb_built=&#8221;1&#8243; _builder_version=&#8221;4.22.1&#8243; _module_preset=&#8221;default&#8221; min_height=&#8221;2071.6px&#8221; custom_margin=&#8221;-46px|||||&#8221; custom_padding=&#8221;0px|||||&#8221; global_colors_info=&#8221;{}&#8221;][et_pb_row column_structure=&#8221;1_2,1_2&#8243; _builder_version=&#8221;4.23.1&#8243; _module_preset=&#8221;default&#8221; global_colors_info=&#8221;{}&#8221;][et_pb_column type=&#8221;1_2&#8243; _builder_version=&#8221;4.23.1&#8243; _module_preset=&#8221;default&#8221; global_colors_info=&#8221;{}&#8221;][et_pb_image src=&#8221;https:\/\/powergot.cl\/wp-content\/uploads\/2023\/11\/lidera-2.jpg&#8221; title_text=&#8221;lidera 2&#8243; _builder_version=&#8221;4.23.1&#8243; _module_preset=&#8221;default&#8221; width=&#8221;100%&#8221; global_colors_info=&#8221;{}&#8221;][\/et_pb_image][\/et_pb_column][et_pb_column type=&#8221;1_2&#8243; _builder_version=&#8221;4.23.1&#8243; _module_preset=&#8221;default&#8221; global_colors_info=&#8221;{}&#8221;][et_pb_button button_url=&#8221;https:\/\/drive.google.com\/file\/d\/1rtWYIZ-7SjlMIr3RrNevVAQjaJFnPugk\/view?usp=sharing&#8221; button_text=&#8221;Powergot para Win 64 Descargar&#8221; _builder_version=&#8221;4.24.2&#8243; _module_preset=&#8221;default&#8221; custom_button=&#8221;on&#8221; button_text_color=&#8221;#FFFFFF&#8221; button_bg_color=&#8221;#0C71C3&#8243; button_border_color=&#8221;#0C71C3&#8243; button_border_radius=&#8221;23px&#8221; button_icon=&#8221;&#xe071;||divi||400&#8243; button_icon_color=&#8221;#FFFFFF&#8221; button_on_hover=&#8221;off&#8221; custom_margin=&#8221;33px|||||&#8221; hover_enabled=&#8221;0&#8243; global_colors_info=&#8221;{}&#8221; sticky_enabled=&#8221;0&#8243;][\/et_pb_button][et_pb_text _builder_version=&#8221;4.24.2&#8243; _module_preset=&#8221;default&#8221; custom_margin=&#8221;||29px|||&#8221; hover_enabled=&#8221;0&#8243; global_colors_info=&#8221;{}&#8221; sticky_enabled=&#8221;0&#8243;]<\/p>\n<p><strong>Para Windows 64 Dic 2025<\/strong><\/p>\n<p>Descarga la aplicaci\u00f3n PowerGot, versi\u00f3n <strong>35.3<\/strong> necesitaras usuario y password<\/p>\n<p>[\/et_pb_text][et_pb_button button_url=&#8221;https:\/\/drive.google.com\/file\/d\/1WeOFVylF0GePd1gG-0E-G3337KRb6aW8\/view?usp=sharing&#8221; button_text=&#8221;PowerGot para MacOs Descargar&#8221; _builder_version=&#8221;4.24.2&#8243; _module_preset=&#8221;default&#8221; custom_button=&#8221;on&#8221; button_text_color=&#8221;#FFFFFF&#8221; button_bg_color=&#8221;#000000&#8243; button_border_color=&#8221;#000000&#8243; button_border_radius=&#8221;23px&#8221; button_icon=&#8221;&#xe071;||divi||400&#8243; button_icon_color=&#8221;#FFFFFF&#8221; button_on_hover=&#8221;off&#8221; custom_margin=&#8221;80px|||||&#8221; hover_enabled=&#8221;0&#8243; global_colors_info=&#8221;{}&#8221; sticky_enabled=&#8221;0&#8243;][\/et_pb_button][et_pb_text _builder_version=&#8221;4.24.2&#8243; _module_preset=&#8221;default&#8221; custom_margin=&#8221;||29px|||&#8221; hover_enabled=&#8221;0&#8243; global_colors_info=&#8221;{}&#8221; sticky_enabled=&#8221;0&#8243;]<\/p>\n<p><strong>Para Mac OS Dic 2025<\/strong><\/p>\n<p>Descarga la aplicaci\u00f3n PowerGot, versi\u00f3n 35.3<strong>\u00a0<\/strong>necesitaras usuario y password<\/p>\n<p>[\/et_pb_text][\/et_pb_column][\/et_pb_row][et_pb_row column_structure=&#8221;1_2,1_2&#8243; _builder_version=&#8221;4.23.1&#8243; _module_preset=&#8221;default&#8221; min_height=&#8221;759.8px&#8221; custom_margin=&#8221;-57px|auto||auto||&#8221; custom_padding=&#8221;45px|||||&#8221; global_colors_info=&#8221;{}&#8221;][et_pb_column type=&#8221;1_2&#8243; _builder_version=&#8221;4.23.1&#8243; _module_preset=&#8221;default&#8221; global_colors_info=&#8221;{}&#8221;][et_pb_heading title=&#8221;Ordenes de Trabajo&#8221; module_id=&#8221;Orden_de_trabajo&#8221; _builder_version=&#8221;4.23.1&#8243; _module_preset=&#8221;default&#8221; title_font=&#8221;|700|||||||&#8221; title_text_align_tablet=&#8221;&#8221; title_text_align_phone=&#8221;center&#8221; title_text_align_last_edited=&#8221;on|phone&#8221; title_font_size_tablet=&#8221;&#8221; title_font_size_phone=&#8221;24px&#8221; title_font_size_last_edited=&#8221;on|phone&#8221; global_colors_info=&#8221;{}&#8221;][\/et_pb_heading][et_pb_image src=&#8221;https:\/\/powergot.cl\/wp-content\/uploads\/2023\/12\/orden-de-trabajo.jpg&#8221; title_text=&#8221;orden de trabajo&#8221; _builder_version=&#8221;4.23.1&#8243; _module_preset=&#8221;default&#8221; global_colors_info=&#8221;{}&#8221;][\/et_pb_image][et_pb_image src=&#8221;https:\/\/powergot.cl\/wp-content\/uploads\/2023\/12\/cotizacion-powergot.jpg&#8221; title_text=&#8221;cotizacion powergot&#8221; _builder_version=&#8221;4.23.1&#8243; _module_preset=&#8221;default&#8221; global_colors_info=&#8221;{}&#8221;][\/et_pb_image][\/et_pb_column][et_pb_column type=&#8221;1_2&#8243; _builder_version=&#8221;4.23.1&#8243; _module_preset=&#8221;default&#8221; global_colors_info=&#8221;{}&#8221;][et_pb_text _builder_version=&#8221;4.23.1&#8243; _module_preset=&#8221;default&#8221; min_height=&#8221;623.8px&#8221; custom_margin=&#8221;81px|||||&#8221; global_colors_info=&#8221;{}&#8221;]<\/p>\n<p>Descubre la revoluci\u00f3n en la gesti\u00f3n de \u00f3rdenes de Trabajo con nuestro innovador software! Con nuestro m\u00f3dulo exclusivo de \u00d3rdenes de Trabajo, simplificamos y potenciamos tu experiencia para que lleves el control de tus transacciones a un nivel superior.<\/p>\n<p>Imagina poder ingresar todos los detalles cruciales con un solo clic. Desde la informaci\u00f3n del cliente hasta la referencia del servicio o producto, pasando por fotograf\u00edas que ilustran cada aspecto importante. Nuestro sistema te permite gestionar cotizaciones, costos, fechas clave como aprobaci\u00f3n, t\u00e9rmino de taller y entrega de manera eficiente, proporcionando una visi\u00f3n completa y detallada de cada orden.<\/p>\n<p>Pero eso no es todo, \u00a1aqu\u00ed viene lo emocionante! Manejar abonos, pagos totales y documentos adjuntos nunca fue tan f\u00e1cil. Desde simples recibos hasta archivos PDF y hojas de c\u00e1lculo Excel, nuestro software te permite adjuntar todo lo que necesites para respaldar cada transacci\u00f3n. Todo esto se guarda y organiza de manera inteligente, brind\u00e1ndote la tranquilidad de tener toda la informaci\u00f3n centralizada en un solo lugar, a tu alcance en cualquier momento.<\/p>\n<p>Imagina la productividad y eficiencia que ganar\u00e1s al eliminar la necesidad de buscar informaci\u00f3n dispersa. Con nuestro software de gesti\u00f3n de \u00f3rdenes de Trabajo, estar\u00e1s un paso adelante en cada transacci\u00f3n, con un control total sobre tus operaciones.<\/p>\n<p>\u00bfEst\u00e1s listo para dar el salto hacia una gesti\u00f3n de \u00f3rdenes de Trabajo sin complicaciones? Descubre c\u00f3mo nuestro software puede transformar tu manera de trabajar y lleva tu negocio al siguiente nivel. \u00a1Haz que cada orden cuente y simplifica tu proceso con nosotros!<\/p>\n<p>[\/et_pb_text][\/et_pb_column][\/et_pb_row][et_pb_row column_structure=&#8221;1_2,1_2&#8243; use_custom_gutter=&#8221;on&#8221; admin_label=&#8221;Ordendecompra&#8221; _builder_version=&#8221;4.23.1&#8243; _module_preset=&#8221;default&#8221; use_background_color_gradient=&#8221;on&#8221; background_color_gradient_stops=&#8221;#ededed 1%|#e5e5e5 100%&#8221; global_colors_info=&#8221;{}&#8221;][et_pb_column type=&#8221;1_2&#8243; _builder_version=&#8221;4.23.1&#8243; _module_preset=&#8221;default&#8221; global_colors_info=&#8221;{}&#8221;][et_pb_heading title=&#8221;Ordenes de Compra&#8221; module_id=&#8221;Ordenes_de_Compra&#8221; _builder_version=&#8221;4.23.1&#8243; _module_preset=&#8221;default&#8221; title_font=&#8221;|700|||||||&#8221; custom_margin=&#8221;|||30px|false|false&#8221; title_text_align_tablet=&#8221;&#8221; title_text_align_phone=&#8221;center&#8221; title_text_align_last_edited=&#8221;on|phone&#8221; title_font_size_tablet=&#8221;&#8221; title_font_size_phone=&#8221;24px&#8221; title_font_size_last_edited=&#8221;on|phone&#8221; global_colors_info=&#8221;{}&#8221;][\/et_pb_heading][et_pb_text _builder_version=&#8221;4.23.1&#8243; _module_preset=&#8221;default&#8221; min_height=&#8221;623.8px&#8221; custom_margin=&#8221;-1px|||30px|false|false&#8221; global_colors_info=&#8221;{}&#8221;]<\/p>\n<p>Vas a tener el control total sobre tus proveedores, desde los datos esenciales hasta detalles espec\u00edficos como la prioridad de compra, formas de pago y plazos. Nuestro sistema te permite ingresar esta informaci\u00f3n de manera sencilla y, lo m\u00e1s emocionante, asignarla directamente a una orden de trabajo, con detalles precisos en cada item. De esta forma, podr\u00e1s visualizar de un vistazo si tienes saldo, manteniendo un control absoluto sobre tus compras y evitando excederte en tu presupuesto.<\/p>\n<p>Pero aqu\u00ed viene lo realmente fascinante. No solo gestionamos los detalles, sino que tambi\u00e9n te ofrecemos la posibilidad de adjuntar documentos cruciales que respaldan cada transacci\u00f3n. Desde cotizaciones de proveedores hasta cat\u00e1logos en PDF, fichas t\u00e9cnicas detalladas y fotograf\u00edas que cuentan la historia completa. Toda esta informaci\u00f3n se almacena de manera organizada y accesible en un solo lugar.<\/p>\n<p>Imagina la eficiencia que ganar\u00e1s al tener toda la informaci\u00f3n necesaria a tu alcance, sin tener que navegar entre m\u00faltiples plataformas. Con nuestro software de gesti\u00f3n de \u00f3rdenes de compra, est\u00e1s un paso adelante en cada transacci\u00f3n, asegurando que cada compra se ajuste perfectamente a tu planificaci\u00f3n y presupuesto.<\/p>\n<p>\u00bfListo para simplificar y optimizar tu proceso de \u00f3rdenes de compra como nunca antes? Descubre c\u00f3mo nuestro software puede elevar tu control y eficiencia al siguiente nivel. \u00a1Haz que cada orden y compra cuenten con nosotros!<\/p>\n<p>[\/et_pb_text][\/et_pb_column][et_pb_column type=&#8221;1_2&#8243; _builder_version=&#8221;4.23.1&#8243; _module_preset=&#8221;default&#8221; global_colors_info=&#8221;{}&#8221;][et_pb_image src=&#8221;https:\/\/powergot.cl\/wp-content\/uploads\/2023\/12\/orden-de-compra.jpg&#8221; title_text=&#8221;orden de compra&#8221; _builder_version=&#8221;4.23.1&#8243; _module_preset=&#8221;default&#8221; global_colors_info=&#8221;{}&#8221;][\/et_pb_image][et_pb_image src=&#8221;https:\/\/powergot.cl\/wp-content\/uploads\/2023\/12\/orden-de-compra2.jpg&#8221; title_text=&#8221;orden de compra2&#8243; _builder_version=&#8221;4.23.1&#8243; _module_preset=&#8221;default&#8221; global_colors_info=&#8221;{}&#8221;][\/et_pb_image][\/et_pb_column][\/et_pb_row][\/et_pb_section]<\/p>\n","protected":false},"excerpt":{"rendered":"<p>Para Windows 64 Dic 2025 Descarga la aplicaci\u00f3n PowerGot, versi\u00f3n 35.3 necesitaras usuario y passwordPara Mac OS Dic 2025 Descarga la aplicaci\u00f3n PowerGot, versi\u00f3n 35.3\u00a0necesitaras usuario y passwordDescubre la revoluci\u00f3n en la gesti\u00f3n de \u00f3rdenes de Trabajo con nuestro innovador software! Con nuestro m\u00f3dulo exclusivo de \u00d3rdenes de Trabajo, simplificamos y potenciamos tu experiencia para [&hellip;]<\/p>\n","protected":false},"author":1,"featured_media":0,"parent":0,"menu_order":0,"comment_status":"closed","ping_status":"closed","template":"","meta":{"_et_pb_use_builder":"on","_et_pb_old_content":"","_et_gb_content_width":"","footnotes":""},"class_list":["post-2177","page","type-page","status-publish","hentry"],"jetpack_sharing_enabled":true,"_links":{"self":[{"href":"https:\/\/powergot.cl\/index.php?rest_route=\/wp\/v2\/pages\/2177","targetHints":{"allow":["GET"]}}],"collection":[{"href":"https:\/\/powergot.cl\/index.php?rest_route=\/wp\/v2\/pages"}],"about":[{"href":"https:\/\/powergot.cl\/index.php?rest_route=\/wp\/v2\/types\/page"}],"author":[{"embeddable":true,"href":"https:\/\/powergot.cl\/index.php?rest_route=\/wp\/v2\/users\/1"}],"replies":[{"embeddable":true,"href":"https:\/\/powergot.cl\/index.php?rest_route=%2Fwp%2Fv2%2Fcomments&post=2177"}],"version-history":[{"count":34,"href":"https:\/\/powergot.cl\/index.php?rest_route=\/wp\/v2\/pages\/2177\/revisions"}],"predecessor-version":[{"id":2605,"href":"https:\/\/powergot.cl\/index.php?rest_route=\/wp\/v2\/pages\/2177\/revisions\/2605"}],"wp:attachment":[{"href":"https:\/\/powergot.cl\/index.php?rest_route=%2Fwp%2Fv2%2Fmedia&parent=2177"}],"curies":[{"name":"wp","href":"https:\/\/api.w.org\/{rel}","templated":true}]}}