{"id":2304,"date":"2023-11-29T16:16:23","date_gmt":"2023-11-29T16:16:23","guid":{"rendered":"https:\/\/powergot.cl\/?page_id=2304"},"modified":"2023-11-29T20:46:36","modified_gmt":"2023-11-29T20:46:36","slug":"acerca-de-nosotros","status":"publish","type":"page","link":"https:\/\/powergot.cl\/?page_id=2304","title":{"rendered":"Acerca de Nosotros"},"content":{"rendered":"<p>[et_pb_section fb_built=&#8221;1&#8243; custom_padding_last_edited=&#8221;on|desktop&#8221; admin_label=&#8221;Header&#8221; _builder_version=&#8221;4.23.1&#8243; _module_preset=&#8221;default&#8221; use_background_color_gradient=&#8221;on&#8221; background_color_gradient_direction=&#8221;130deg&#8221; background_color_gradient_stops=&#8221;#1b14d1 0%|#3d0072 49%|#05000a 100%&#8221; background_color_gradient_start=&#8221;#8624E1&#8243; background_color_gradient_start_position=&#8221;25%&#8221; background_color_gradient_end=&#8221;#3607A6&#8243; background_enable_image=&#8221;off&#8221; parallax=&#8221;on&#8221; background_enable_video_mp4=&#8221;off&#8221; module_alignment=&#8221;center&#8221; min_height=&#8221;336.5px&#8221; custom_margin=&#8221;||-10px||false|false&#8221; custom_padding=&#8221;0vw||224px||false|false&#8221; custom_padding_tablet=&#8221;100px||100px||true&#8221; custom_padding_phone=&#8221;||||true&#8221; bottom_divider_style=&#8221;wave2&#8243; bottom_divider_color=&#8221;#FFFFFF&#8221; bottom_divider_height=&#8221;248px&#8221; bottom_divider_repeat=&#8221;1x&#8221; bottom_divider_height_tablet=&#8221;150px&#8221; bottom_divider_height_phone=&#8221;110px&#8221; bottom_divider_height_last_edited=&#8221;on|desktop&#8221; saved_tabs=&#8221;all&#8221; global_colors_info=&#8221;{}&#8221;][et_pb_row use_custom_gutter=&#8221;on&#8221; _builder_version=&#8221;4.23.1&#8243; _module_preset=&#8221;default&#8221; width=&#8221;100%&#8221; max_width=&#8221;1666px&#8221; min_height=&#8221;131px&#8221; custom_padding=&#8221;94px|||||&#8221; global_colors_info=&#8221;{}&#8221;][et_pb_column type=&#8221;4_4&#8243; _builder_version=&#8221;4.23.1&#8243; _module_preset=&#8221;default&#8221; global_colors_info=&#8221;{}&#8221;][et_pb_heading title=&#8221;Acerca de Nosotros&#8221; _builder_version=&#8221;4.23.1&#8243; _module_preset=&#8221;default&#8221; title_font=&#8221;|700|||||||&#8221; title_text_align=&#8221;center&#8221; title_text_color=&#8221;#FFFFFF&#8221; title_font_size=&#8221;36px&#8221; global_colors_info=&#8221;{}&#8221;][\/et_pb_heading][\/et_pb_column][\/et_pb_row][\/et_pb_section][et_pb_section fb_built=&#8221;1&#8243; admin_label=&#8221;Get Started&#8221; _builder_version=&#8221;4.16&#8243; custom_padding=&#8221;0px||||false|false&#8221; saved_tabs=&#8221;all&#8221; global_colors_info=&#8221;{}&#8221;][et_pb_row column_structure=&#8221;1_2,1_2&#8243; use_custom_gutter=&#8221;on&#8221; gutter_width=&#8221;2&#8243; _builder_version=&#8221;4.16&#8243; max_width=&#8221;1700px&#8221; custom_margin=&#8221;|||&#8221; custom_padding=&#8221;0px|||&#8221; use_custom_width=&#8221;on&#8221; custom_width_px=&#8221;1700px&#8221; global_colors_info=&#8221;{}&#8221;][et_pb_column type=&#8221;1_2&#8243; _builder_version=&#8221;4.16&#8243; custom_padding=&#8221;|||&#8221; global_colors_info=&#8221;{}&#8221; custom_padding__hover=&#8221;|||&#8221;][et_pb_image src=&#8221;https:\/\/powergot.cl\/wp-content\/uploads\/2023\/11\/lidera-2.jpg&#8221; title_text=&#8221;lidera 2&#8243; _builder_version=&#8221;4.23.1&#8243; _module_preset=&#8221;default&#8221; global_colors_info=&#8221;{}&#8221;][\/et_pb_image][et_pb_testimonial author=&#8221;Javier Segovia V.&#8221; portrait_url=&#8221;https:\/\/powergot.cl\/wp-content\/uploads\/2023\/11\/javier34b.jpg&#8221; _builder_version=&#8221;4.23.1&#8243; _module_preset=&#8221;default&#8221; title_text=&#8221;javier34b&#8221; hover_enabled=&#8221;0&#8243; sticky_enabled=&#8221;0&#8243; job_title=&#8221;Ceo y Fundador&#8221; company_name=&#8221;PowerGot&#8221; quote_icon=&#8221;off&#8221;]<\/p>\n<p>Con m\u00e1s de 25 a\u00f1os de experiencia en el rubro productivo y minero, es el arquitecto visionario detr\u00e1s de PowerGot. Su experiencia en el terreno le proporcion\u00f3 la perspicacia necesaria para comprender las complejidades de la gesti\u00f3n empresarial en entornos desafiantes.<\/p>\n<p>Javier siempre ha cre\u00eddo en la simplicidad como clave para el \u00e9xito. Su enfoque se centra en desarrollar un software f\u00e1cil de usar e intuitivo que empodere a las empresas para que tomen el control de su gesti\u00f3n sin depender exclusivamente de la contabilidad.<\/p>\n<p>[\/et_pb_testimonial][\/et_pb_column][et_pb_column type=&#8221;1_2&#8243; _builder_version=&#8221;4.16&#8243; custom_padding=&#8221;|||&#8221; global_colors_info=&#8221;{}&#8221; custom_padding__hover=&#8221;|||&#8221;][et_pb_text _builder_version=&#8221;4.23.1&#8243; text_font=&#8221;||||||||&#8221; text_font_size=&#8221;16px&#8221; text_line_height=&#8221;2em&#8221; ul_font=&#8221;||||||||&#8221; header_font=&#8221;||||||||&#8221; header_2_font=&#8221;Roboto|700|||||||&#8221; header_2_font_size=&#8221;45px&#8221; header_2_line_height=&#8221;1.2em&#8221; header_3_font=&#8221;||||||||&#8221; max_width=&#8221;800px&#8221; max_width_last_edited=&#8221;off|desktop&#8221; module_alignment=&#8221;center&#8221; custom_margin=&#8221;|||&#8221; custom_padding=&#8221;|||&#8221; hover_enabled=&#8221;0&#8243; header_2_font_size_tablet=&#8221;35px&#8221; header_2_font_size_phone=&#8221;28px&#8221; header_2_font_size_last_edited=&#8221;on|desktop&#8221; global_colors_info=&#8221;{}&#8221; sticky_enabled=&#8221;0&#8243;][\/et_pb_text][et_pb_testimonial _builder_version=&#8221;4.23.1&#8243; _module_preset=&#8221;default&#8221; hover_enabled=&#8221;0&#8243; sticky_enabled=&#8221;0&#8243; quote_icon=&#8221;off&#8221;]<\/p>\n<p><strong>Acerca de Nosotros &#8211; PowerGot<\/strong><\/p>\n<p>\u00a1Bienvenido a PowerGot! Somos un equipo apasionado liderado por Javier Segovia, fundador y CEO de nuestra innovadora plataforma de gesti\u00f3n empresarial. Desde nuestros inicios en 2003, hemos evolucionado y crecido, marcando hitos significativos en el mundo de la tecnolog\u00eda empresarial.<\/p>\n<p><strong>Nuestra Historia:<\/strong><\/p>\n<p>En el a\u00f1o 2003, Javier Segovia, con una visi\u00f3n clara de la necesidad de simplificar la gesti\u00f3n empresarial, inici\u00f3 la traves\u00eda de PowerGot. Comenzamos con la primera versi\u00f3n en un ambiente monousuario y servidor local, explorando las posibilidades tecnol\u00f3gicas de la \u00e9poca.<\/p>\n<p>En 2018, dimos un salto crucial hacia la nube, reconociendo la importancia de la accesibilidad y flexibilidad en la era digital. Esta transici\u00f3n marc\u00f3 el inicio de una nueva fase en la evoluci\u00f3n de PowerGot, permitiendo a las empresas liberarse de las restricciones locales y abrazar la eficiencia de la nube.<\/p>\n<p>En 2022, llevamos nuestra plataforma a nuevas alturas al adoptar la tecnolog\u00eda de Velneo. Esta decisi\u00f3n estrat\u00e9gica refleja nuestro compromiso continuo con la innovaci\u00f3n y la entrega de soluciones de vanguardia a nuestros usuarios.<\/p>\n<p><strong>Nuestra Misi\u00f3n:<\/strong><\/p>\n<p>En PowerGot, estamos comprometidos a proporcionar soluciones que no solo simplifiquen la gesti\u00f3n empresarial, sino que tambi\u00e9n impulsen el crecimiento y la eficiencia. Creemos que cada empresa, independientemente de su tama\u00f1o, merece tener acceso a herramientas poderosas y f\u00e1ciles de usar.<\/p>\n<p>Nos enorgullece ser el socio de confianza de numerosas empresas que han experimentado el cambio positivo con PowerGot. Nuestra misi\u00f3n es continuar innovando, creando soluciones que marquen la diferencia y contribuyan al \u00e9xito continuo de nuestros usuarios.<\/p>\n<p>[\/et_pb_testimonial][\/et_pb_column][\/et_pb_row][\/et_pb_section]<\/p>\n","protected":false},"excerpt":{"rendered":"<p>Con m\u00e1s de 25 a\u00f1os de experiencia en el rubro productivo y minero, es el arquitecto visionario detr\u00e1s de PowerGot. Su experiencia en el terreno le proporcion\u00f3 la perspicacia necesaria para comprender las complejidades de la gesti\u00f3n empresarial en entornos desafiantes. Javier siempre ha cre\u00eddo en la simplicidad como clave para el \u00e9xito. Su enfoque [&hellip;]<\/p>\n","protected":false},"author":1,"featured_media":0,"parent":0,"menu_order":0,"comment_status":"closed","ping_status":"closed","template":"","meta":{"_et_pb_use_builder":"on","_et_pb_old_content":"","_et_gb_content_width":"","footnotes":""},"class_list":["post-2304","page","type-page","status-publish","hentry"],"jetpack_sharing_enabled":true,"_links":{"self":[{"href":"https:\/\/powergot.cl\/index.php?rest_route=\/wp\/v2\/pages\/2304","targetHints":{"allow":["GET"]}}],"collection":[{"href":"https:\/\/powergot.cl\/index.php?rest_route=\/wp\/v2\/pages"}],"about":[{"href":"https:\/\/powergot.cl\/index.php?rest_route=\/wp\/v2\/types\/page"}],"author":[{"embeddable":true,"href":"https:\/\/powergot.cl\/index.php?rest_route=\/wp\/v2\/users\/1"}],"replies":[{"embeddable":true,"href":"https:\/\/powergot.cl\/index.php?rest_route=%2Fwp%2Fv2%2Fcomments&post=2304"}],"version-history":[{"count":3,"href":"https:\/\/powergot.cl\/index.php?rest_route=\/wp\/v2\/pages\/2304\/revisions"}],"predecessor-version":[{"id":2317,"href":"https:\/\/powergot.cl\/index.php?rest_route=\/wp\/v2\/pages\/2304\/revisions\/2317"}],"wp:attachment":[{"href":"https:\/\/powergot.cl\/index.php?rest_route=%2Fwp%2Fv2%2Fmedia&parent=2304"}],"curies":[{"name":"wp","href":"https:\/\/api.w.org\/{rel}","templated":true}]}}